{"id":11,"date":"2017-09-26T11:28:26","date_gmt":"2017-09-26T11:28:26","guid":{"rendered":"http:\/\/cursosfitness.zeus.umh.es\/presentacion\/"},"modified":"2022-10-12T22:28:17","modified_gmt":"2022-10-12T20:28:17","slug":"presentacion","status":"publish","type":"page","link":"https:\/\/cursosfitness.umh.es\/en\/","title":{"rendered":"Introduction"},"content":{"rendered":"<p><\/p>\n<p style=\"text-align: justify\"><span class=\"\" lang=\"en\"><span class=\"\" lang=\"en\"><span title=\"Cursos orientados al desarrollo de habilidades complementarias y la entrega de conocimientos necesarios para una formaci\u00f3n integral en el \u00e1rea del Fitness, basado en las demandas del medio laboral en el cual nos encontramos. \">Courses oriented to the development of complementary skills and the delivery of the necessary knowledge for an integral formation in the <strong>area of \u200b\u200bthe Fitness<\/strong>, based on the demands of the work environment in which we are.<\/span><\/span><\/span><\/p>\n<p style=\"text-align: justify\"><span class=\"\" lang=\"en\"><span class=\"\" lang=\"en\"><span title=\"Tienen por objetivo crear profesionales polivalentes, fomentando el desarrollo en diversos \u00e1mbitos de la actividad f\u00edsica, para poder implementarlos en centros Fitness y Wellnes, entregando una formaci\u00f3n que les permita desarrollar diversas disciplinas demandadas en la actualidad, a trav\u00e9s de conocimientos te\u00f3ricos y pr\u00e1cticos. \">They aim to create multipurpose professionals, encouraging development in various areas of physical activity, to be able to implement them in <strong>Fitness and Wellnes centers<\/strong>, providing training that allows them to develop various disciplines currently demanded, through theoretical and practical knowledge.<\/span><\/span><\/span><\/p>\n<p><img loading=\"lazy\" class=\"alignnone size-medium wp-image-599\" src=\"https:\/\/cursosfitness.umh.es\/files\/2022\/10\/cursos-fitness-300x300.jpg\" alt=\"\" width=\"300\" height=\"300\" srcset=\"https:\/\/cursosfitness.umh.es\/files\/2022\/10\/cursos-fitness-300x300.jpg 300w, https:\/\/cursosfitness.umh.es\/files\/2022\/10\/cursos-fitness-1024x1024.jpg 1024w, https:\/\/cursosfitness.umh.es\/files\/2022\/10\/cursos-fitness-150x150.jpg 150w, https:\/\/cursosfitness.umh.es\/files\/2022\/10\/cursos-fitness-768x768.jpg 768w, https:\/\/cursosfitness.umh.es\/files\/2022\/10\/cursos-fitness.jpg 1080w\" sizes=\"(max-width: 300px) 100vw, 300px\" \/><\/p>\n<p><span id=\"result_box\" class=\"\" lang=\"en\"><span title=\"\u2022 Pilates nivel II \"><br \/>\n<\/span><span title=\"Est\u00e1n dirigidos a los alumnos o egresados del grado en Ciencias de la Actividad F\u00edsica y del Deporte, del grado en Fisioterapia, T\u00e9cnicos Superior en Animaci\u00f3n de Actividades F\u00edsicas y Deportivas ya T\u00e9cnicos en Conducci\u00f3n de Actividades F\u00edsico-Deportivas en el Medio Natural y otras titulaciones relacionadas\">They are aimed at students or graduates of the degree in Physical Activity and Sports Sciences, the degree in Physiotherapy, Higher Techniques in Animation of Physical and Sports Activities and Technicians in Conducting Physical-Sports Activities in the Natural Environment and other related qualifications <\/span><span title=\"con los profesional de actividades f\u00edsicas y deportivas. \">with the professional of physical and sports activities.<\/span><\/span><\/p>\n<ul>\n<li><span id=\"result_box\" class=\"\" lang=\"en\"><span title=\"\u2022 Lugar de realizaci\u00f3n: \">Place of realization:<br \/>\n<\/span><span title=\"o Centro de Formaci\u00f3n Deportiva El Clot \">o El Clot Sports Training Center<br \/>\n<\/span><span title=\"o Pabell\u00f3n Deportivo Universidad Miguel Hern\u00e1ndez de Elche \">o Miguel Hern\u00e1ndez University Sports Pavilion in Elche<\/span><\/span><span id=\"result_box\" class=\"\" lang=\"en\"><\/span><\/li>\n<li><span class=\"\" lang=\"en\"><span class=\"\" lang=\"en\"><span title=\"\u2022 Cr\u00e9ditos: \"> Credits:<\/span><\/span><\/span><\/li>\n<li>From 1 to 2 Credits of transversal competences (except the Nutrition in Fitness course which will depend on the duration of the course).<\/li>\n<\/ul>\n<p><a href=\"https:\/\/cursosfitness.umh.es\/files\/2018\/09\/CURSOS-FITNESS-18-19.pdf\"><img loading=\"lazy\" class=\"aligncenter wp-image-182 size-medium\" src=\"https:\/\/cursosfitness.umh.es\/files\/2018\/09\/CURSOS-FITNESS-18-19-300x240.jpg\" alt=\"\" width=\"300\" height=\"240\" srcset=\"https:\/\/cursosfitness.umh.es\/files\/2018\/09\/CURSOS-FITNESS-18-19-300x240.jpg 300w, https:\/\/cursosfitness.umh.es\/files\/2018\/09\/CURSOS-FITNESS-18-19-768x614.jpg 768w, https:\/\/cursosfitness.umh.es\/files\/2018\/09\/CURSOS-FITNESS-18-19.jpg 945w\" sizes=\"(max-width: 300px) 100vw, 300px\" \/><\/a><\/p>\n<p><span id=\"result_box\" class=\"\" lang=\"en\"><span title=\"o 2 Cr\u00e9ditos de competencias transversales (Excepto el curso de Nutrici\u00f3n en el fitness que corresponde 1 cr\u00e9dito) \"><br \/>\n<\/span><span title=\"Estos cursos no habilitan por si solos para ejercer profesionalmente, sin el correspondiente t\u00edtulo oficial de la rama de la actividad f\u00edsica y el deporte (grado\/licenciado en Ciencias de la Actividad f\u00edsica y el deporte) de acuerdo con la ley 2\/2011 del deporte\">These courses do not enable by themselves to practice professionally, without the corresponding official title of the branch of physical activity and sport (degree \/ Bachelor of Science in Physical Activity and Sports) in accordance with the law 2\/2011 of sport <\/span><span title=\"y la actividad f\u00edsica de la Comunidad Valenciana.\">and the physical activity of the Valencian Community.<\/span><\/span><\/p>\n<p><span id=\"result_box\" class=\"\" lang=\"en\"><span class=\"\">Once the tuition payment has been made, the money will not be returned, except for duly justified medical reasons.<\/span><\/span><\/p>","protected":false},"excerpt":{"rendered":"<p>P\u00e1gina de presentaci\u00f3n de la unidad organizativa<\/p>\n","protected":false},"author":1,"featured_media":0,"parent":0,"menu_order":0,"comment_status":"closed","ping_status":"open","template":"","meta":{"_links_to":"","_links_to_target":""},"_links":{"self":[{"href":"https:\/\/cursosfitness.umh.es\/en\/wp-json\/wp\/v2\/pages\/11"}],"collection":[{"href":"https:\/\/cursosfitness.umh.es\/en\/wp-json\/wp\/v2\/pages"}],"about":[{"href":"https:\/\/cursosfitness.umh.es\/en\/wp-json\/wp\/v2\/types\/page"}],"author":[{"embeddable":true,"href":"https:\/\/cursosfitness.umh.es\/en\/wp-json\/wp\/v2\/users\/1"}],"replies":[{"embeddable":true,"href":"https:\/\/cursosfitness.umh.es\/en\/wp-json\/wp\/v2\/comments?post=11"}],"version-history":[{"count":0,"href":"https:\/\/cursosfitness.umh.es\/en\/wp-json\/wp\/v2\/pages\/11\/revisions"}],"wp:attachment":[{"href":"https:\/\/cursosfitness.umh.es\/en\/wp-json\/wp\/v2\/media?parent=11"}],"curies":[{"name":"wp","href":"https:\/\/api.w.org\/{rel}","templated":true}]}}