{"id":11,"date":"2017-09-26T11:28:26","date_gmt":"2017-09-26T11:28:26","guid":{"rendered":"http:\/\/cursosfitness.zeus.umh.es\/presentacion\/"},"modified":"2022-10-12T22:28:17","modified_gmt":"2022-10-12T20:28:17","slug":"presentacion","status":"publish","type":"page","link":"https:\/\/cursosfitness.umh.es\/ca\/","title":{"rendered":"Presentaci\u00f2"},"content":{"rendered":"<p><\/p>\n<p style=\"text-align: justify\"><span id=\"result_box\" class=\"\" lang=\"ca\"><span title=\"Cursos orientados al desarrollo de habilidades complementarias y la entrega de conocimientos necesarios para una formaci\u00f3n integral en el \u00e1rea del Fitness, basado en las demandas del medio laboral en el cual nos encontramos. \">Cursos orientats al desenvolupament d&#8217;habilitats complement\u00e0ries i el lliurament de coneixements necessaris per a una formaci\u00f3 integral en<strong> l&#8217;\u00e0rea del Fitness<\/strong>, basat en les demandes del medi laboral en el qual ens trobem.<\/span><\/span><\/p>\n<p style=\"text-align: justify\"><span title=\"Tienen por objetivo crear profesionales polivalentes, fomentando el desarrollo en diversos \u00e1mbitos de la actividad f\u00edsica, para poder implementarlos en centros Fitness y Wellnes, entregando una formaci\u00f3n que les permita desarrollar diversas disciplinas demandadas en la actualidad, a trav\u00e9s de conocimientos te\u00f3ricos y pr\u00e1cticos. \">Tenen per objectiu crear professionals polivalents, fomentant el desenvolupament en diversos \u00e0mbits de l&#8217;activitat f\u00edsica, per poder implementar-los en <strong>centres Fitness i Wellness<\/strong>, lliurant una formaci\u00f3 que els permeti desenvolupar diverses disciplines demandades en l&#8217;actualitat, a trav\u00e9s de coneixements te\u00f2rics i pr\u00e0ctics.<\/span><\/p>\n<p><img loading=\"lazy\" class=\"alignnone size-medium wp-image-599\" src=\"https:\/\/cursosfitness.umh.es\/files\/2022\/10\/cursos-fitness-300x300.jpg\" alt=\"\" width=\"300\" height=\"300\" srcset=\"https:\/\/cursosfitness.umh.es\/files\/2022\/10\/cursos-fitness-300x300.jpg 300w, https:\/\/cursosfitness.umh.es\/files\/2022\/10\/cursos-fitness-1024x1024.jpg 1024w, https:\/\/cursosfitness.umh.es\/files\/2022\/10\/cursos-fitness-150x150.jpg 150w, https:\/\/cursosfitness.umh.es\/files\/2022\/10\/cursos-fitness-768x768.jpg 768w, https:\/\/cursosfitness.umh.es\/files\/2022\/10\/cursos-fitness.jpg 1080w\" sizes=\"(max-width: 300px) 100vw, 300px\" \/><\/p>\n<p><span id=\"result_box\" class=\"\" lang=\"ca\"><span title=\"Est\u00e1n dirigidos a los alumnos o egresados del grado en Ciencias de la Actividad F\u00edsica y del Deporte, del grado en Fisioterapia, T\u00e9cnicos Superior en Animaci\u00f3n de Actividades F\u00edsicas y Deportivas ya T\u00e9cnicos en Conducci\u00f3n de Actividades F\u00edsico-Deportivas en el Medio Natural y otras titulaciones relacionadas\">Estan dirigits als alumnes o titulats del grau en Ci\u00e8ncies de l&#8217;Activitat F\u00edsica i de l&#8217;Esport, del grau en Fisioter\u00e0pia, T\u00e8cnics Superior en Animaci\u00f3 d&#8217;Activitats F\u00edsiques i Esportives ja T\u00e8cnics en Conducci\u00f3 d&#8217;Activitats Fisicoesportives en el Medi Natural i altres titulacions relacionades <\/span><span title=\"con los profesional de actividades f\u00edsicas y deportivas. \">amb els professional d&#8217;activitats f\u00edsiques i esportives.<\/span><\/span><\/p>\n<ul>\n<li><span id=\"result_box\" class=\"\" lang=\"ca\"><span title=\"\u2022 Lugar de realizaci\u00f3n: \">Lloc de realitzaci\u00f3:<br \/>\n<\/span><span title=\"o Centro de Formaci\u00f3n Deportiva El Clot \">o Centre de Formaci\u00f3 Esportiva El Clot<br \/>\n<\/span><span title=\"o Pabell\u00f3n Deportivo Universidad Miguel Hern\u00e1ndez de Elche \">o Pavell\u00f3 Esportiu Universitat Miguel Hern\u00e1ndez d&#8217;Elx<\/span><\/span><span id=\"result_box\" class=\"\" lang=\"ca\"><\/span><\/li>\n<li><span id=\"result_box\" class=\"\" lang=\"ca\"><span title=\"\u2022 Cr\u00e9ditos: \"> Cr\u00e8dits:<\/span><\/span><\/li>\n<\/ul>\n<p>D&#8217;1 a 2 Cr\u00e8dits de compet\u00e8ncies transversals (excepte el curs de Nutrici\u00f3 en el fitness que dependr\u00e0 de la durada de el curs).<\/p>\n<p><span id=\"result_box\" class=\"\" lang=\"ca\"><span title=\"Estos cursos no habilitan por si solos para ejercer profesionalmente, sin el correspondiente t\u00edtulo oficial de la rama de la actividad f\u00edsica y el deporte (grado\/licenciado en Ciencias de la Actividad f\u00edsica y el deporte) de acuerdo con la ley 2\/2011 del deporte\">Aquests cursos no habiliten per si sols per exercir professionalment, sense el corresponent t\u00edtol oficial de la branca de l&#8217;activitat f\u00edsica i l&#8217;esport (grau \/ llicenciat en Ci\u00e8ncies de l&#8217;Activitat f\u00edsica i l&#8217;esport) d&#8217;acord amb la llei 2\/2011 de l&#8217;esport <\/span><span title=\"y la actividad f\u00edsica de la Comunidad Valenciana.\">i l&#8217;activitat f\u00edsica de la Comunitat Valenciana.<\/span><\/span><\/p>\n<p><span id=\"result_box\" class=\"\" lang=\"ca\">Un cop realitzat el <span class=\"\">pagament<\/span> de la matr\u00edcula, no es retornar\u00e0 els diners, excepte causa m\u00e8dica degudament <span class=\"\">justificada.<\/span><\/span><\/p>","protected":false},"excerpt":{"rendered":"<p>P\u00e1gina de presentaci\u00f3n de la unidad organizativa<\/p>\n","protected":false},"author":1,"featured_media":0,"parent":0,"menu_order":0,"comment_status":"closed","ping_status":"open","template":"","meta":{"_links_to":"","_links_to_target":""},"_links":{"self":[{"href":"https:\/\/cursosfitness.umh.es\/ca\/wp-json\/wp\/v2\/pages\/11"}],"collection":[{"href":"https:\/\/cursosfitness.umh.es\/ca\/wp-json\/wp\/v2\/pages"}],"about":[{"href":"https:\/\/cursosfitness.umh.es\/ca\/wp-json\/wp\/v2\/types\/page"}],"author":[{"embeddable":true,"href":"https:\/\/cursosfitness.umh.es\/ca\/wp-json\/wp\/v2\/users\/1"}],"replies":[{"embeddable":true,"href":"https:\/\/cursosfitness.umh.es\/ca\/wp-json\/wp\/v2\/comments?post=11"}],"version-history":[{"count":0,"href":"https:\/\/cursosfitness.umh.es\/ca\/wp-json\/wp\/v2\/pages\/11\/revisions"}],"wp:attachment":[{"href":"https:\/\/cursosfitness.umh.es\/ca\/wp-json\/wp\/v2\/media?parent=11"}],"curies":[{"name":"wp","href":"https:\/\/api.w.org\/{rel}","templated":true}]}}